{"id":585,"date":"2016-04-28T07:45:48","date_gmt":"2016-04-28T07:45:48","guid":{"rendered":"http:\/\/villalarino.com\/en\/?page_id=585"},"modified":"2016-07-27T15:35:51","modified_gmt":"2016-07-27T15:35:51","slug":"privacy-policy","status":"publish","type":"page","link":"https:\/\/villalarino.it\/en\/privacy-policy\/","title":{"rendered":"Privacy Policy"},"content":{"rendered":"<p>[vc_row full_width=&#8221;stretch_row&#8221; css=&#8221;.vc_custom_1468920541568{background-color: #494231 !important;}&#8221;][vc_column][vc_column_text]<\/p>\n<h2 style=\"text-align: center; color: #fff;\">Privacy Policy<\/h2>\n<p>[\/vc_column_text][\/vc_column][\/vc_row][vc_row equal_height=&#8221;yes&#8221; content_placement=&#8221;middle&#8221;][vc_column width=&#8221;2\/3&#8243;][vc_column_text]<\/p>\n<h4>Natura del conferimento dei dati<\/h4>\n<p>Per ottenere informazioni \u00e8 necessario comunicare i propri dati personali (nome, cognome, indirizzo, e-mail e recapiti telefonici). In caso contrario l&#8217;azienda Villa Larino non potr\u00e0 fornire una risposta.<\/p>\n<h4>Comunicazione e diffusione dei dati<\/h4>\n<p>I dati personali raccolti non saranno oggetto di diffusione o comunicazione a terzi, se non nei casi previsti dall&#8217;informativa e\/o dalla legge. In particolare, in ottemperanza dell&#8217;art. 13 del D. Lgs 196\/2003, gli stessi saranno trattati esclusivamente per le seguenti finalit\u00e0:<\/p>\n<p>a) registrazione ed attivazione di servizi informativi richiesti;<\/p>\n<p>b) adempimenti di obblighi di legge o di natura statistica (comunicazioni agli organi di Pubblica Sicurezza e alla Provincia);<\/p>\n<p>c) obblighi contrattuali;<\/p>\n<p>d) altre finalit\u00e0 legate al servizio reso.<\/p>\n<p>Informativa sul trattamento dei dati personali e consenso al trattamento degli stessi (Articoli 13, 23 e 26 del D. Lgs 30 giugno 2003, n. 196)<\/p>\n<p>Il trattamento avverr\u00e0 con sistemi manuali e\/o automatizzati atti a memorizzare, gestire e trasmettere i dati stessi, con logiche strettamente correlate alle finalit\u00e0 stesse;<\/p>\n<p>l&#8217;azienda Villa Larino non entrer\u00e0 in possesso di dati definiti \u00ecsensibili\u00ee dal citato Dlgs. e cio\u00e8 idonei a rilevare stato di salute, adesione a sindacati, convinzioni religiose e filosofiche, adesione a partiti politici;<\/p>\n<p><b>I vostri dati potranno essere comunicati:<\/b><\/p>\n<p>a) ad enti, professionisti, societ\u00e0 od altre strutture da noi incaricate dei trattamenti connessi all&#8217;adempimento degli obblighi amministrativi, contabili e gestionali legati all\u00edordinario svolgimento della nostra attivit\u00e0, anche per finalit\u00e0 di recupero credito;<\/p>\n<p>b) a soggetti che possono accedere ai dati in forza di disposizioni di legge o di normativa secondaria o comunitaria;<\/p>\n<p>c) banche, istituti finanziari o altri soggetti ai quali il trasferimento dei suoi dati risulti necessario allo svolgimento dell&#8217;attivit\u00e0 della nostra azienda in relazione all&#8217;assolvimento, da parte nostra delle obbligazioni contrattuali assunte nei vostri confronti;<\/p>\n<p>l&#8217;ambito di eventuale comunicazione dei dati sar\u00e0 nazionale.<\/p>\n<p>Diritto di accesso ai dati personali ed altri diritti (Art. 7)<\/p>\n<p>L&#8217;interessato ha diritto di ottenere la conferma dell&#8217;esistenza o meno di dati personali che lo riguardano, anche se non ancora registrati, e la loro comunicazione in forma intelligibile.<\/p>\n<p>L&#8217;interessato ha diritto di ottenere l&#8217;indicazione:<\/p>\n<p>a) dell\u00edorigine dei dati personali;<br \/>\nb) delle finalit\u00e0 e modalit\u00e0 del trattamento;<br \/>\nc) della logica applicata in caso di trattamento effettuato con l&#8217;ausilio di strumenti elettronici;<\/p>\n<p>d) degli estremi identificativi del titolare, dei responsabili e del rappresentante designato ai sensi dell&#8217;articolo 5, comma 2;<\/p>\n<p>e) dei soggetti o delle categorie di soggetti ai quali i dati personali possono essere comunicati o che possono venirne a conoscenza in qualit\u00e0 di rappresentante designato nel territorio dello Stato, di responsabili o incaricati.<\/p>\n<p><b>L\u00edinteressato ha diritto di ottenere:<\/b><\/p>\n<p>a) l\u00edaggiornamento, la rettificazione ovvero, quando vi ha interesse, l\u00edintegrazione dei dati;<\/p>\n<p>b) la cancellazione, la trasformazione in forma anonima o il blocco dei dati trattati in violazione di legge, compresi quelli di cui non \u00e8 necessaria la conservazione in relazione agli scopi per i quali i dati sono stati raccolti o successivamente trattati;<\/p>\n<p>c) l\u00edattestazione che le operazioni di cui alle lettere a) e b) sono state portate a conoscenza, anche per quanto riguarda il loro contenuto, di coloro ai quali i dati sono stati comunicati o diffusi, eccettuato il caso in cui tale adempimento si rivela impossibile o comporta un impiego di mezzi manifestamente sproporzionato rispetto al diritto tutelato.<\/p>\n<p><b>L\u00edinteressato ha diritto di opporsi, in tutto o in parte:<\/b><br \/>\na) per motivi legittimi al trattamento dei dati personali che lo riguardano, ancorch\u00e9 pertinenti allo scopo della raccolta;<\/p>\n<p>b) al trattamento di dati personali che lo riguardano a fini di invio di materiale pubblicitario o di vendita diretta o per il compimento di ricerche di mercato o di comunicazione commerciale.<\/p>\n<p><b>Titolare e responsabile del trattamento<\/b><\/p>\n<p>Il Titolare del trattamento \u00e8 il gestore dell&#8217;azienda Villa Larino, con sede in Localit\u00e0 Strada Provinciale Palaiese, 108 &#8211; 56036 Palaia (PI) Italy &#8211; P.I. 01290230505, tel. +39 340 4102810. Per esercitare i diritti previsti all&#8217;art. 7 del D. Lgs. 196\/2003, \u00e8 possibile inviare una e-mail a <a href=\"mailto:info@villalarino.it\">info@villalarino.it.<\/a><\/p>\n<p>Con la richiesta di informazioni e\/o con la prenotazione e\/o la sua accettazione, il cliente dichiara di aver preso atto dell&#8217;informativa sul trattamento dei dati personali ai sensi dell\u00edart. 13 del D. Lgs 196\/03 (Codice in materia di protezione dei dati personali) e pertanto acconsente al trattamento dei dati conferiti nelle modalit\u00e0 e per le finalit\u00e0 previste dall&#8217;informativa. Inoltre si impegna a comunicare tempestivamente le eventuali variazioni dei dati in nostro possesso.[\/vc_column_text][\/vc_column][vc_column width=&#8221;1\/3&#8243;][\/vc_column][\/vc_row][vc_row full_width=&#8221;stretch_row_content&#8221; css=&#8221;.vc_custom_1461315292175{background-color: #ded7c5 !important;}&#8221;][vc_column][vc_empty_space height=&#8221;10&#8243;][vc_empty_space height=&#8221;10&#8243;][\/vc_column][\/vc_row]<\/p>\n","protected":false},"excerpt":{"rendered":"<p>[vc_row full_width=&#8221;stretch_row&#8221; css=&#8221;.vc_custom_1468920541568{background-color: #494231 !important;}&#8221;][vc_column][vc_column_text] Privacy Policy [\/vc_column_text][\/vc_column][\/vc_row][vc_row equal_height=&#8221;yes&#8221; content_placement=&#8221;middle&#8221;][vc_column width=&#8221;2\/3&#8243;][vc_column_text] Natura del conferimento dei dati Per ottenere informazioni \u00e8 necessario comunicare i propri dati personali [&hellip;]<\/p>\n","protected":false},"author":2,"featured_media":0,"parent":0,"menu_order":0,"comment_status":"closed","ping_status":"open","template":"","meta":[],"_links":{"self":[{"href":"https:\/\/villalarino.it\/en\/wp-json\/wp\/v2\/pages\/585"}],"collection":[{"href":"https:\/\/villalarino.it\/en\/wp-json\/wp\/v2\/pages"}],"about":[{"href":"https:\/\/villalarino.it\/en\/wp-json\/wp\/v2\/types\/page"}],"author":[{"embeddable":true,"href":"https:\/\/villalarino.it\/en\/wp-json\/wp\/v2\/users\/2"}],"replies":[{"embeddable":true,"href":"https:\/\/villalarino.it\/en\/wp-json\/wp\/v2\/comments?post=585"}],"version-history":[{"count":2,"href":"https:\/\/villalarino.it\/en\/wp-json\/wp\/v2\/pages\/585\/revisions"}],"predecessor-version":[{"id":1133,"href":"https:\/\/villalarino.it\/en\/wp-json\/wp\/v2\/pages\/585\/revisions\/1133"}],"wp:attachment":[{"href":"https:\/\/villalarino.it\/en\/wp-json\/wp\/v2\/media?parent=585"}],"curies":[{"name":"wp","href":"https:\/\/api.w.org\/{rel}","templated":true}]}}