{"id":537,"date":"2016-04-22T09:50:36","date_gmt":"2016-04-22T09:50:36","guid":{"rendered":"http:\/\/villalarino.com\/en\/?page_id=537"},"modified":"2016-07-27T09:12:08","modified_gmt":"2016-07-27T09:12:08","slug":"services","status":"publish","type":"page","link":"https:\/\/villalarino.it\/en\/services\/","title":{"rendered":"Services"},"content":{"rendered":"<p>[vc_row full_width=&#8221;stretch_row&#8221; css=&#8221;.vc_custom_1468569985122{background-image: url(http:\/\/villalarino.it\/wp-content\/uploads\/2016\/04\/top-servizi.jpg?id=843) !important;}&#8221;][vc_column][vc_empty_space height=&#8221;50px&#8221;][vc_column_text]<\/p>\n<h1 style=\"text-align: center;\">Our Services<\/h1>\n<p>[\/vc_column_text][vc_empty_space height=&#8221;50px&#8221;][\/vc_column][\/vc_row][vc_row][vc_column][vc_empty_space height=&#8221;20px&#8221;][\/vc_column][\/vc_row][vc_row equal_height=&#8221;yes&#8221; content_placement=&#8221;top&#8221; css=&#8221;.vc_custom_1468570229829{margin-left: 50px !important;}&#8221;][vc_column width=&#8221;1\/2&#8243; el_class=&#8221;.colonnasx&#8221; css=&#8221;.vc_custom_1468570233652{margin-right: 50px !important;}&#8221;][vc_column_text]<\/p>\n<h3 style=\"text-align: left;\">Servizi Inclusi<\/h3>\n<p>[\/vc_column_text][vc_column_text]<\/p>\n<p style=\"text-align: left;\">Piscina privata<br \/>\nDoccia esterna<br \/>\nArea Fitness esterna<br \/>\nBarbecue<br \/>\nForno a legna<br \/>\nBiancheria da letto (cambio settimanale)<br \/>\nBiancheria da bagno (cambio bisettimanale: mercoled\u00ec)<br \/>\nAsciugacapelli in ogni bagno<br \/>\nTeli Piscina<br \/>\nLettino e seggiolone (su richiesta)<br \/>\nLetto extra (2 divani letto matrimoniali)<br \/>\nCucina completamente attrezzata<br \/>\nAllarme<br \/>\nLavastoviglie<br \/>\nLavatrice &#8211; Stireria<br \/>\nTV Sat\/DVD Player<br \/>\nConsumi energia, acqua e gas (uso domestico)<br \/>\nPulizie finali<br \/>\nAria condizionata\/Riscaldamento pompe di calore<br \/>\nPlay Station\/Wii<br \/>\nFree Internet Service e Wireless<br \/>\nCestino di benvenuto con olio extra vergine di oliva di nostra produzione<br \/>\nTasse locali<\/p>\n<p>[\/vc_column_text][\/vc_column][vc_column width=&#8221;1\/2&#8243; css=&#8221;.vc_custom_1468570255983{margin-left: 50px !important;}&#8221;][vc_column_text]<\/p>\n<h3 style=\"color: #748c88; text-align: left;\">Servizi Extra a Pagamento<\/h3>\n<p>[\/vc_column_text][vc_column_text]<\/p>\n<p style=\"text-align: left;\">Riscaldamento GPL \u20ac 7,00 mc<br \/>\nTrasferimenti\/Noleggio auto con o senza autista (su prenotazione)<br \/>\nCorso di cucina\/Chef dedicato (su prenotazione)<br \/>\nAiuto domestico (su prenotazione)<br \/>\nBaby-sitter (su prenotazione)<br \/>\nPrima colazione<br \/>\nBiancheria aggiuntiva<br \/>\nMassaggi estetici e terapeutici\/Trattamenti di bellezza (su prenotazione)<br \/>\nWine-tour\/Degustazione formaggi e altri prodotti locali (su prenotazione)<br \/>\nPersonal shopper (su prenotazione)<br \/>\nShopping list: al vostro arrivo troverete proprio quello che avete richiesto (su prenotazione)<br \/>\nNordic walking con istruttori certificati (su prenotazione)<br \/>\nNoleggio Mountain Bike\/Bici da corsa, Vespa Piaggio e Tour Guidati (su prenotazione)<br \/>\nEscursioni guidate con &#8220;Tartufaio&#8221;(su prenotazione)<\/p>\n<p>[\/vc_column_text][\/vc_column][\/vc_row][vc_row full_width=&#8221;stretch_row&#8221; content_placement=&#8221;middle&#8221; css=&#8221;.vc_custom_1468570647150{background-color: #ded7c5 !important;}&#8221;][vc_column width=&#8221;1\/2&#8243;][vc_column_text]<\/p>\n<h3 style=\"color: #748c88; text-align: left;\">Info Utili<\/h3>\n<p>[\/vc_column_text][vc_column_text]<\/p>\n<div style=\"text-align: left;\">La cucina \u00e8 equipaggiata con fuochi, forno tradizionale, forno microonde, frigorifero, freezer, lavastoviglie, macchina caff\u00e8 espresso, macchina caff\u00e8 americana, moka, tostapane, robot, mixer, spremiagrumi, stoviglie, pentole, vari serviti piatti e t\u00e8 e tutti gli accessori pi\u00f9 utili e funzionali.<\/div>\n<div style=\"text-align: left;\"><\/div>\n<div>\n<p style=\"text-align: left;\">Cauzione rimborsabile da pagare all&#8217;arrivo \u20ac 800,00<br \/>\nApertura piscina e area fitness esterna da maggio ad ottobre;<br \/>\nCheck-in: Sabato dopo le ore 17:00 pm<br \/>\nCheck-out: Sabato entro le ore 10:00 am<br \/>\nGli animali non sono ammessi<br \/>\nAll&#8217;interno della villa vige il divieto di fumo<br \/>\nNon \u00e8 previsto servizio di ristorazione nella villa, se non dietro specifica richiesta di servizi a pagamento (chef personale, servizio &#8220;cena pronta&#8221;, ecc..)<\/p>\n<\/div>\n<p>[\/vc_column_text][vc_empty_space height=&#8221;10&#8243;][\/vc_column][vc_column width=&#8221;1\/2&#8243;][vc_column_text]<img loading=\"lazy\" class=\"size-full wp-image-845 aligncenter\" src=\"http:\/\/villalarino.it\/wp-content\/uploads\/2016\/04\/cucina-1.png\" alt=\"cucina\" width=\"321\" height=\"321\" srcset=\"https:\/\/villalarino.it\/wp-content\/uploads\/2016\/04\/cucina-1.png 321w, https:\/\/villalarino.it\/wp-content\/uploads\/2016\/04\/cucina-1-150x150.png 150w, https:\/\/villalarino.it\/wp-content\/uploads\/2016\/04\/cucina-1-300x300.png 300w, https:\/\/villalarino.it\/wp-content\/uploads\/2016\/04\/cucina-1-146x146.png 146w, https:\/\/villalarino.it\/wp-content\/uploads\/2016\/04\/cucina-1-50x50.png 50w, https:\/\/villalarino.it\/wp-content\/uploads\/2016\/04\/cucina-1-75x75.png 75w, https:\/\/villalarino.it\/wp-content\/uploads\/2016\/04\/cucina-1-85x85.png 85w, https:\/\/villalarino.it\/wp-content\/uploads\/2016\/04\/cucina-1-80x80.png 80w\" sizes=\"(max-width: 321px) 100vw, 321px\" \/>[\/vc_column_text][\/vc_column][\/vc_row]<\/p>\n","protected":false},"excerpt":{"rendered":"<p>[vc_row full_width=&#8221;stretch_row&#8221; css=&#8221;.vc_custom_1468569985122{background-image: url(http:\/\/villalarino.it\/wp-content\/uploads\/2016\/04\/top-servizi.jpg?id=843) !important;}&#8221;][vc_column][vc_empty_space height=&#8221;50px&#8221;][vc_column_text] Our Services [\/vc_column_text][vc_empty_space height=&#8221;50px&#8221;][\/vc_column][\/vc_row][vc_row][vc_column][vc_empty_space height=&#8221;20px&#8221;][\/vc_column][\/vc_row][vc_row equal_height=&#8221;yes&#8221; content_placement=&#8221;top&#8221; css=&#8221;.vc_custom_1468570229829{margin-left: 50px !important;}&#8221;][vc_column width=&#8221;1\/2&#8243; el_class=&#8221;.colonnasx&#8221; css=&#8221;.vc_custom_1468570233652{margin-right: 50px !important;}&#8221;][vc_column_text] Servizi Inclusi [\/vc_column_text][vc_column_text] Piscina privata [&hellip;]<\/p>\n","protected":false},"author":2,"featured_media":305,"parent":0,"menu_order":0,"comment_status":"closed","ping_status":"open","template":"","meta":[],"_links":{"self":[{"href":"https:\/\/villalarino.it\/en\/wp-json\/wp\/v2\/pages\/537"}],"collection":[{"href":"https:\/\/villalarino.it\/en\/wp-json\/wp\/v2\/pages"}],"about":[{"href":"https:\/\/villalarino.it\/en\/wp-json\/wp\/v2\/types\/page"}],"author":[{"embeddable":true,"href":"https:\/\/villalarino.it\/en\/wp-json\/wp\/v2\/users\/2"}],"replies":[{"embeddable":true,"href":"https:\/\/villalarino.it\/en\/wp-json\/wp\/v2\/comments?post=537"}],"version-history":[{"count":4,"href":"https:\/\/villalarino.it\/en\/wp-json\/wp\/v2\/pages\/537\/revisions"}],"predecessor-version":[{"id":1084,"href":"https:\/\/villalarino.it\/en\/wp-json\/wp\/v2\/pages\/537\/revisions\/1084"}],"wp:featuredmedia":[{"embeddable":true,"href":"https:\/\/villalarino.it\/en\/wp-json\/wp\/v2\/media\/305"}],"wp:attachment":[{"href":"https:\/\/villalarino.it\/en\/wp-json\/wp\/v2\/media?parent=537"}],"curies":[{"name":"wp","href":"https:\/\/api.w.org\/{rel}","templated":true}]}}